{"id":91,"date":"2025-09-30T11:57:13","date_gmt":"2025-09-30T11:57:13","guid":{"rendered":"https:\/\/remoraenergy.eu\/?page_id=91"},"modified":"2025-09-30T12:12:04","modified_gmt":"2025-09-30T12:12:04","slug":"dokumentumok","status":"publish","type":"page","link":"https:\/\/remoraenergy.eu\/index.php\/dokumentumok\/","title":{"rendered":"Dokumentumok"},"content":{"rendered":"\t\t<div data-elementor-type=\"wp-page\" data-elementor-id=\"91\" class=\"elementor elementor-91\" data-elementor-post-type=\"page\">\n\t\t\t\t<div class=\"elementor-element elementor-element-712fcc4 e-flex e-con-boxed e-con e-parent\" data-id=\"712fcc4\" data-element_type=\"container\" data-settings=\"{&quot;background_background&quot;:&quot;classic&quot;}\">\n\t\t\t\t\t<div class=\"e-con-inner\">\n\t\t\t\t<div class=\"elementor-element elementor-element-bf4ceaa elementor-widget elementor-widget-heading\" data-id=\"bf4ceaa\" data-element_type=\"widget\" data-widget_type=\"heading.default\">\n\t\t\t\t\t<h2 class=\"elementor-heading-title elementor-size-default\">Dokumentumok<\/h2>\t\t\t\t<\/div>\n\t\t\t\t\t<\/div>\n\t\t\t\t<\/div>\n\t\t<div class=\"elementor-element elementor-element-43dcef8 e-flex e-con-boxed e-con e-parent\" data-id=\"43dcef8\" data-element_type=\"container\">\n\t\t\t\t\t<div class=\"e-con-inner\">\n\t\t\t\t<div class=\"elementor-element elementor-element-f3789d2 elementor-widget elementor-widget-text-editor\" data-id=\"f3789d2\" data-element_type=\"widget\" data-widget_type=\"text-editor.default\">\n\t\t\t\t\t\t\t\t\t<ul><li><a href=\"https:\/\/remoraenergy.eu\/wp-content\/uploads\/2025\/09\/H28_VFEO_27-1_2025_Remora_Energy_Kft_kereng.pdf\">Remora Energy Korl\u00e1tolt Felel\u0151ss\u00e9g\u0171 T\u00e1rsas\u00e1g villamosenergia-kereskedelmi m\u0171k\u00f6d\u00e9si enged\u00e9lye<\/a><\/li><li><a href=\"https:\/\/remoraenergy.eu\/wp-content\/uploads\/2025\/09\/H29_VFEO_28-1_2025_Remora_Energy_Kft_USZ_mentesites.pdf\">Remora Energy Korl\u00e1tolt Felel\u0151ss\u00e9g\u0171 T\u00e1rsas\u00e1g, mint villamosenergia-kereskedelmi m\u0171k\u00f6d\u00e9si enged\u00e9lyes \u00fczletszab\u00e1lyzat k\u00e9sz\u00edt\u00e9si k\u00f6telezetts\u00e9g al\u00f3l t\u00f6rt\u00e9n\u0151 mentes\u00edt\u00e9se<\/a><\/li><\/ul>\t\t\t\t\t\t\t\t<\/div>\n\t\t\t\t\t<\/div>\n\t\t\t\t<\/div>\n\t\t\t\t<\/div>\n\t\t","protected":false},"excerpt":{"rendered":"<p>Dokumentumok Remora Energy Korl\u00e1tolt Felel\u0151ss\u00e9g\u0171 T\u00e1rsas\u00e1g villamosenergia-kereskedelmi m\u0171k\u00f6d\u00e9si enged\u00e9lye Remora Energy Korl\u00e1tolt Felel\u0151ss\u00e9g\u0171 T\u00e1rsas\u00e1g, mint villamosenergia-kereskedelmi m\u0171k\u00f6d\u00e9si enged\u00e9lyes \u00fczletszab\u00e1lyzat k\u00e9sz\u00edt\u00e9si k\u00f6telezetts\u00e9g al\u00f3l t\u00f6rt\u00e9n\u0151 mentes\u00edt\u00e9se<\/p>\n","protected":false},"author":1,"featured_media":0,"parent":0,"menu_order":0,"comment_status":"closed","ping_status":"closed","template":"elementor_header_footer","meta":{"footnotes":""},"class_list":["post-91","page","type-page","status-publish","hentry"],"_links":{"self":[{"href":"https:\/\/remoraenergy.eu\/index.php\/wp-json\/wp\/v2\/pages\/91","targetHints":{"allow":["GET"]}}],"collection":[{"href":"https:\/\/remoraenergy.eu\/index.php\/wp-json\/wp\/v2\/pages"}],"about":[{"href":"https:\/\/remoraenergy.eu\/index.php\/wp-json\/wp\/v2\/types\/page"}],"author":[{"embeddable":true,"href":"https:\/\/remoraenergy.eu\/index.php\/wp-json\/wp\/v2\/users\/1"}],"replies":[{"embeddable":true,"href":"https:\/\/remoraenergy.eu\/index.php\/wp-json\/wp\/v2\/comments?post=91"}],"version-history":[{"count":10,"href":"https:\/\/remoraenergy.eu\/index.php\/wp-json\/wp\/v2\/pages\/91\/revisions"}],"predecessor-version":[{"id":111,"href":"https:\/\/remoraenergy.eu\/index.php\/wp-json\/wp\/v2\/pages\/91\/revisions\/111"}],"wp:attachment":[{"href":"https:\/\/remoraenergy.eu\/index.php\/wp-json\/wp\/v2\/media?parent=91"}],"curies":[{"name":"wp","href":"https:\/\/api.w.org\/{rel}","templated":true}]}}